{"id":858,"date":"2020-06-23T09:30:50","date_gmt":"2020-06-23T07:30:50","guid":{"rendered":"https:\/\/www.ulb-cooperation.org\/?page_id=858"},"modified":"2023-05-23T16:43:55","modified_gmt":"2023-05-23T14:43:55","slug":"uni-coop","status":"publish","type":"page","link":"https:\/\/www.ulb-cooperation.org\/fr\/qui-sommes-nous\/uni-coop\/","title":{"rendered":"Uni4Coop"},"content":{"rendered":"<p><strong><img loading=\"lazy\" decoding=\"async\" class=\"alignright wp-image-8728 lazyload\" data-src=\"https:\/\/www.ulb-cooperation.org\/wp-content\/uploads\/2023\/05\/uni4coop_2019-600x452.jpg\" alt=\"Uni4coop logo\" width=\"250\" height=\"188\" data-srcset=\"https:\/\/www.ulb-cooperation.org\/wp-content\/uploads\/2023\/05\/uni4coop_2019-600x452.jpg 600w, https:\/\/www.ulb-cooperation.org\/wp-content\/uploads\/2023\/05\/uni4coop_2019-1024x772.jpg 1024w, https:\/\/www.ulb-cooperation.org\/wp-content\/uploads\/2023\/05\/uni4coop_2019-768x579.jpg 768w, https:\/\/www.ulb-cooperation.org\/wp-content\/uploads\/2023\/05\/uni4coop_2019.jpg 1433w\" data-sizes=\"auto, (max-width: 250px) 100vw, 250px\" src=\"data:image\/gif;base64,R0lGODlhAQABAAAAACH5BAEKAAEALAAAAAABAAEAAAICTAEAOw==\" style=\"--smush-placeholder-width: 250px; --smush-placeholder-aspect-ratio: 250\/188;\" \/><noscript><img loading=\"lazy\" decoding=\"async\" class=\"alignright wp-image-8728\" src=\"https:\/\/www.ulb-cooperation.org\/wp-content\/uploads\/2023\/05\/uni4coop_2019-600x452.jpg\" alt=\"Uni4coop logo\" width=\"250\" height=\"188\" srcset=\"https:\/\/www.ulb-cooperation.org\/wp-content\/uploads\/2023\/05\/uni4coop_2019-600x452.jpg 600w, https:\/\/www.ulb-cooperation.org\/wp-content\/uploads\/2023\/05\/uni4coop_2019-1024x772.jpg 1024w, https:\/\/www.ulb-cooperation.org\/wp-content\/uploads\/2023\/05\/uni4coop_2019-768x579.jpg 768w, https:\/\/www.ulb-cooperation.org\/wp-content\/uploads\/2023\/05\/uni4coop_2019.jpg 1433w\" sizes=\"auto, (max-width: 250px) 100vw, 250px\" \/><\/noscript>Uni4Coop : Quatre ONG universitaires francophones travaillent main dans la main \u00e0 la construction d\u2019un monde plus juste.<\/strong><\/p>\n<p>Ce projet novateur se nomme <a href=\"http:\/\/uni4coop.org\" target=\"_blank\" rel=\"noopener noreferrer\">Uni4Coop<\/a>. Depuis 2016, les bases d\u2019une belle collaboration sont pos\u00e9es. Elles donneront vie \u00e0 de nombreuses actions au Nord comme au Sud, dont voici les premiers exemples. D\u00e9sormais, <a href=\"https:\/\/www.eclosio.ong\" target=\"_blank\" rel=\"noopener noreferrer\">Eclosio <\/a>(ONG de l\u2019ULi\u00e8ge), la <a href=\"http:\/\/www.fucid.be\/\" target=\"_blank\" rel=\"noopener noreferrer\">FUCID<\/a> (ONG de l\u2019UNamur), <a href=\"https:\/\/www.louvaincooperation.org\/\" target=\"_blank\" rel=\"noopener noreferrer\">Louvain Coop\u00e9ration<\/a> (ONG de l\u2019UCLouvain) et <strong>ULB-Coop\u00e9ration<\/strong> (ONG de l\u2019ULB) unissent leurs forces dans la r\u00e9alisation de nombreux projets, au Sud comme au Nord, sous le nom d\u2019<strong>Uni4Coop<\/strong>.<\/p>\n<p>&nbsp;<\/p>\n<div style=\"text-align: center;\">\n<p><iframe loading=\"lazy\" title=\"Uni4Coop : 4 ONG universitaires en action\" width=\"640\" height=\"360\" data-src=\"https:\/\/www.youtube.com\/embed\/sy5OJ2tklGc?feature=oembed\" frameborder=\"0\" allow=\"accelerometer; autoplay; clipboard-write; encrypted-media; gyroscope; picture-in-picture; web-share\" referrerpolicy=\"strict-origin-when-cross-origin\" allowfullscreen src=\"data:image\/gif;base64,R0lGODlhAQABAAAAACH5BAEKAAEALAAAAAABAAEAAAICTAEAOw==\" class=\"lazyload\" data-load-mode=\"1\"><\/iframe><\/p>\n<\/div>\n","protected":false},"excerpt":{"rendered":"<p>Uni4Coop : Quatre ONG universitaires francophones travaillent main dans la main \u00e0 la construction d\u2019un monde plus juste. Ce projet [&hellip;]<\/p>\n","protected":false},"author":1,"featured_media":0,"parent":431,"menu_order":0,"comment_status":"closed","ping_status":"closed","template":"","meta":{"_acf_changed":false,"footnotes":""},"class_list":["post-858","page","type-page","status-publish","hentry"],"acf":[],"_links":{"self":[{"href":"https:\/\/www.ulb-cooperation.org\/fr\/wp-json\/wp\/v2\/pages\/858","targetHints":{"allow":["GET"]}}],"collection":[{"href":"https:\/\/www.ulb-cooperation.org\/fr\/wp-json\/wp\/v2\/pages"}],"about":[{"href":"https:\/\/www.ulb-cooperation.org\/fr\/wp-json\/wp\/v2\/types\/page"}],"author":[{"embeddable":true,"href":"https:\/\/www.ulb-cooperation.org\/fr\/wp-json\/wp\/v2\/users\/1"}],"replies":[{"embeddable":true,"href":"https:\/\/www.ulb-cooperation.org\/fr\/wp-json\/wp\/v2\/comments?post=858"}],"version-history":[{"count":14,"href":"https:\/\/www.ulb-cooperation.org\/fr\/wp-json\/wp\/v2\/pages\/858\/revisions"}],"predecessor-version":[{"id":8732,"href":"https:\/\/www.ulb-cooperation.org\/fr\/wp-json\/wp\/v2\/pages\/858\/revisions\/8732"}],"up":[{"embeddable":true,"href":"https:\/\/www.ulb-cooperation.org\/fr\/wp-json\/wp\/v2\/pages\/431"}],"wp:attachment":[{"href":"https:\/\/www.ulb-cooperation.org\/fr\/wp-json\/wp\/v2\/media?parent=858"}],"curies":[{"name":"wp","href":"https:\/\/api.w.org\/{rel}","templated":true}]}}