{"id":856,"date":"2020-06-23T09:30:36","date_gmt":"2020-06-23T07:30:36","guid":{"rendered":"https:\/\/www.ulb-cooperation.org\/?page_id=856"},"modified":"2021-08-16T14:43:21","modified_gmt":"2021-08-16T12:43:21","slug":"historique","status":"publish","type":"page","link":"https:\/\/www.ulb-cooperation.org\/fr\/historique\/","title":{"rendered":"Historique"},"content":{"rendered":"<ul>\n<li><strong>2021 :<\/strong> Octroi de la subvention pour les travaux de construction\/r\u00e9habilitation de l\u2019H\u00f4pital provincial du Nord-Kivu \u00e0 Goma dans le cadre du Programme de renforcement de l&rsquo;offre et d\u00e9veloppement de l\u2019acc\u00e8s aux soins de sant\u00e9 en R\u00e9publique d\u00e9mocratique du Congo (PRO DS).<\/li>\n<li><strong>2017\u00a0:<\/strong>\u00a0Octroi de la subvention de la DGD pour le programme commun quinquennal 2017-2021 introduit en consortium avec les ONG universitaires belges francophones (ADG, FUCID, Louvain Coop\u00e9ration et ULB-Coop\u00e9ration) sous le nom \u00ab\u00a0Uni4Coop\u00a0\u00bb.<\/li>\n<li><strong>2017\u00a0:<\/strong>\u00a0Obtention du Projet d\u2019Appui au D\u00e9veloppement Int\u00e9gr\u00e9 du Syst\u00e8me de Sant\u00e9 au Nord-Kivu (PADISS), cofinanc\u00e9 par l\u2019Union Europ\u00e9enne et la DGD, pour une dur\u00e9e de 5 ans.<\/li>\n<li><strong>2016\u00a0:\u00a0<\/strong>Obtention de l\u2019accr\u00e9ditation comme organisation de la soci\u00e9t\u00e9 civile, octroy\u00e9e par le Ministre de la coop\u00e9ration au d\u00e9veloppement, apr\u00e8s audit\u00a0par des consultants externes \u00e0 l&rsquo;administration (DGD).<\/li>\n<li><strong>2014 :<\/strong>\u00a0ULB-Coop\u00e9ration, l\u2019ONG de l\u2019Universit\u00e9 libre de Bruxelles, voit le jour. Elle est le fruit du rapprochement entre le CEMUBAC, le SLCD et le SEDIF, et d&rsquo;une collaboration \u00e9troite avec l&rsquo;Universit\u00e9.<\/li>\n<\/ul>\n","protected":false},"excerpt":{"rendered":"<p>2021 : Octroi de la subvention pour les travaux de construction\/r\u00e9habilitation de l\u2019H\u00f4pital provincial du Nord-Kivu \u00e0 Goma dans le [&hellip;]<\/p>\n","protected":false},"author":1,"featured_media":0,"parent":0,"menu_order":0,"comment_status":"closed","ping_status":"closed","template":"","meta":{"_acf_changed":false,"footnotes":""},"class_list":["post-856","page","type-page","status-publish","hentry"],"acf":[],"_links":{"self":[{"href":"https:\/\/www.ulb-cooperation.org\/fr\/wp-json\/wp\/v2\/pages\/856","targetHints":{"allow":["GET"]}}],"collection":[{"href":"https:\/\/www.ulb-cooperation.org\/fr\/wp-json\/wp\/v2\/pages"}],"about":[{"href":"https:\/\/www.ulb-cooperation.org\/fr\/wp-json\/wp\/v2\/types\/page"}],"author":[{"embeddable":true,"href":"https:\/\/www.ulb-cooperation.org\/fr\/wp-json\/wp\/v2\/users\/1"}],"replies":[{"embeddable":true,"href":"https:\/\/www.ulb-cooperation.org\/fr\/wp-json\/wp\/v2\/comments?post=856"}],"version-history":[{"count":7,"href":"https:\/\/www.ulb-cooperation.org\/fr\/wp-json\/wp\/v2\/pages\/856\/revisions"}],"predecessor-version":[{"id":4276,"href":"https:\/\/www.ulb-cooperation.org\/fr\/wp-json\/wp\/v2\/pages\/856\/revisions\/4276"}],"wp:attachment":[{"href":"https:\/\/www.ulb-cooperation.org\/fr\/wp-json\/wp\/v2\/media?parent=856"}],"curies":[{"name":"wp","href":"https:\/\/api.w.org\/{rel}","templated":true}]}}