{"id":854,"date":"2020-06-23T09:30:27","date_gmt":"2020-06-23T07:30:27","guid":{"rendered":"https:\/\/www.ulb-cooperation.org\/?page_id=854"},"modified":"2025-07-02T15:32:40","modified_gmt":"2025-07-02T13:32:40","slug":"gouvernance","status":"publish","type":"page","link":"https:\/\/www.ulb-cooperation.org\/fr\/gouvernance\/","title":{"rendered":"Gouvernance"},"content":{"rendered":"<h1>Instances<\/h1>\n<p>L&rsquo;ONG ULB-Coop\u00e9ration est constitu\u00e9e en asbl, dont les statuts sont publi\u00e9s et consultables dans le <a href=\"http:\/\/www.ejustice.just.fgov.be\/tsv\/tsvf.htm\" target=\"_blank\" rel=\"noopener noreferrer\">Moniteur Belge<\/a>.<\/p>\n<p>Elle compte environ nonante employ\u00e9\u00b7es r\u00e9partis entre le si\u00e8ge, les 4 bureaux de coordination (Kinshasa, Goma, en RDC, Ouagadougou, au Burkina Faso et Mbour, au S\u00e9n\u00e9gal) et les antennes locales.<\/p>\n<p>En RDC, les antennes sont \u00e0 Boma, Bukavu, Bunia, Butembo, Kabinda et Kisangani.<\/p>\n<p>&nbsp;<\/p>\n","protected":false},"excerpt":{"rendered":"<p>Instances L&rsquo;ONG ULB-Coop\u00e9ration est constitu\u00e9e en asbl, dont les statuts sont publi\u00e9s et consultables dans le Moniteur Belge. Elle compte [&hellip;]<\/p>\n","protected":false},"author":1,"featured_media":0,"parent":0,"menu_order":0,"comment_status":"closed","ping_status":"closed","template":"","meta":{"_acf_changed":false,"footnotes":""},"class_list":["post-854","page","type-page","status-publish","hentry"],"acf":[],"_links":{"self":[{"href":"https:\/\/www.ulb-cooperation.org\/fr\/wp-json\/wp\/v2\/pages\/854","targetHints":{"allow":["GET"]}}],"collection":[{"href":"https:\/\/www.ulb-cooperation.org\/fr\/wp-json\/wp\/v2\/pages"}],"about":[{"href":"https:\/\/www.ulb-cooperation.org\/fr\/wp-json\/wp\/v2\/types\/page"}],"author":[{"embeddable":true,"href":"https:\/\/www.ulb-cooperation.org\/fr\/wp-json\/wp\/v2\/users\/1"}],"replies":[{"embeddable":true,"href":"https:\/\/www.ulb-cooperation.org\/fr\/wp-json\/wp\/v2\/comments?post=854"}],"version-history":[{"count":54,"href":"https:\/\/www.ulb-cooperation.org\/fr\/wp-json\/wp\/v2\/pages\/854\/revisions"}],"predecessor-version":[{"id":14146,"href":"https:\/\/www.ulb-cooperation.org\/fr\/wp-json\/wp\/v2\/pages\/854\/revisions\/14146"}],"wp:attachment":[{"href":"https:\/\/www.ulb-cooperation.org\/fr\/wp-json\/wp\/v2\/media?parent=854"}],"curies":[{"name":"wp","href":"https:\/\/api.w.org\/{rel}","templated":true}]}}