{"id":846,"date":"2020-06-23T09:29:38","date_gmt":"2020-06-23T07:29:38","guid":{"rendered":"https:\/\/www.ulb-cooperation.org\/?page_id=846"},"modified":"2025-06-02T12:24:00","modified_gmt":"2025-06-02T10:24:00","slug":"vision-missions-et-valeurs-integrite","status":"publish","type":"page","link":"https:\/\/www.ulb-cooperation.org\/fr\/vision-missions-et-valeurs-integrite\/","title":{"rendered":"Vision, Missions et Valeurs"},"content":{"rendered":"<p>ULB-Coop\u00e9ration est <strong>l\u2019ONG de l\u2019Universit\u00e9 libre de Bruxelles<\/strong>. Ses actions se localisent au <strong>Burkina Faso<\/strong>, en <strong>R\u00e9publique d\u00e9mocratique du Congo<\/strong>, au <strong>S\u00e9n\u00e9gal<\/strong> et en <strong>Belgique<\/strong>. Elle est active dans quatre th\u00e9matiques : la <strong>sant\u00e9 &amp; les syst\u00e8mes de sant\u00e9<\/strong>, les <strong>territoires &amp; les ressources<\/strong>, l\u2019<strong>entrepreneuriat &amp; la gestion<\/strong>, et l\u2019<strong>\u00e9ducation &amp; la citoyennet\u00e9 critique<\/strong>. \u00c0 travers chacun de ces axes, l\u2019objectif est d\u2019<strong>am\u00e9liorer les conditions de vie des populations, au niveau social, environnemental et financier<\/strong>.<\/p>\n","protected":false},"excerpt":{"rendered":"<p>ULB-Coop\u00e9ration est l\u2019ONG de l\u2019Universit\u00e9 libre de Bruxelles. Ses actions se localisent au Burkina Faso, en R\u00e9publique d\u00e9mocratique du Congo, [&hellip;]<\/p>\n","protected":false},"author":1,"featured_media":693,"parent":0,"menu_order":0,"comment_status":"closed","ping_status":"closed","template":"","meta":{"_acf_changed":false,"footnotes":""},"class_list":["post-846","page","type-page","status-publish","has-post-thumbnail","hentry"],"acf":[],"_links":{"self":[{"href":"https:\/\/www.ulb-cooperation.org\/fr\/wp-json\/wp\/v2\/pages\/846","targetHints":{"allow":["GET"]}}],"collection":[{"href":"https:\/\/www.ulb-cooperation.org\/fr\/wp-json\/wp\/v2\/pages"}],"about":[{"href":"https:\/\/www.ulb-cooperation.org\/fr\/wp-json\/wp\/v2\/types\/page"}],"author":[{"embeddable":true,"href":"https:\/\/www.ulb-cooperation.org\/fr\/wp-json\/wp\/v2\/users\/1"}],"replies":[{"embeddable":true,"href":"https:\/\/www.ulb-cooperation.org\/fr\/wp-json\/wp\/v2\/comments?post=846"}],"version-history":[{"count":37,"href":"https:\/\/www.ulb-cooperation.org\/fr\/wp-json\/wp\/v2\/pages\/846\/revisions"}],"predecessor-version":[{"id":13874,"href":"https:\/\/www.ulb-cooperation.org\/fr\/wp-json\/wp\/v2\/pages\/846\/revisions\/13874"}],"wp:featuredmedia":[{"embeddable":true,"href":"https:\/\/www.ulb-cooperation.org\/fr\/wp-json\/wp\/v2\/media\/693"}],"wp:attachment":[{"href":"https:\/\/www.ulb-cooperation.org\/fr\/wp-json\/wp\/v2\/media?parent=846"}],"curies":[{"name":"wp","href":"https:\/\/api.w.org\/{rel}","templated":true}]}}