{"id":6946,"date":"2022-08-02T10:58:44","date_gmt":"2022-08-02T08:58:44","guid":{"rendered":"https:\/\/www.ulb-cooperation.org\/?page_id=6946"},"modified":"2022-08-03T11:17:39","modified_gmt":"2022-08-03T09:17:39","slug":"nos-precedents-projets","status":"publish","type":"page","link":"https:\/\/www.ulb-cooperation.org\/fr\/nos-precedents-projets\/","title":{"rendered":"Nos pr\u00e9c\u00e9dents projets"},"content":{"rendered":"<div class=\"text\">\n<p>L\u2019action d\u2019ULB-Coop\u00e9ration s\u2019effectue au travers de la conception, de la coordination et de la mise en \u0153uvre de projets, dans 4 pays et sur 4 th\u00e9matiques. Les \u00e9valuations r\u00e9guli\u00e8res de ces projets permettent une am\u00e9lioration continue des interventions.<\/p>\n<\/div>\n","protected":false},"excerpt":{"rendered":"<p>L\u2019action d\u2019ULB-Coop\u00e9ration s\u2019effectue au travers de la conception, de la coordination et de la mise en \u0153uvre de projets, dans [&hellip;]<\/p>\n","protected":false},"author":1,"featured_media":0,"parent":0,"menu_order":0,"comment_status":"closed","ping_status":"closed","template":"template-page\/all-projects-previous.php","meta":{"_acf_changed":false,"footnotes":""},"class_list":["post-6946","page","type-page","status-publish","hentry"],"acf":[],"_links":{"self":[{"href":"https:\/\/www.ulb-cooperation.org\/fr\/wp-json\/wp\/v2\/pages\/6946","targetHints":{"allow":["GET"]}}],"collection":[{"href":"https:\/\/www.ulb-cooperation.org\/fr\/wp-json\/wp\/v2\/pages"}],"about":[{"href":"https:\/\/www.ulb-cooperation.org\/fr\/wp-json\/wp\/v2\/types\/page"}],"author":[{"embeddable":true,"href":"https:\/\/www.ulb-cooperation.org\/fr\/wp-json\/wp\/v2\/users\/1"}],"replies":[{"embeddable":true,"href":"https:\/\/www.ulb-cooperation.org\/fr\/wp-json\/wp\/v2\/comments?post=6946"}],"version-history":[{"count":5,"href":"https:\/\/www.ulb-cooperation.org\/fr\/wp-json\/wp\/v2\/pages\/6946\/revisions"}],"predecessor-version":[{"id":6985,"href":"https:\/\/www.ulb-cooperation.org\/fr\/wp-json\/wp\/v2\/pages\/6946\/revisions\/6985"}],"wp:attachment":[{"href":"https:\/\/www.ulb-cooperation.org\/fr\/wp-json\/wp\/v2\/media?parent=6946"}],"curies":[{"name":"wp","href":"https:\/\/api.w.org\/{rel}","templated":true}]}}