{"id":6060,"date":"2022-04-20T10:56:48","date_gmt":"2022-04-20T08:56:48","guid":{"rendered":"https:\/\/www.ulb-cooperation.org\/?page_id=6060"},"modified":"2026-02-05T13:59:58","modified_gmt":"2026-02-05T12:59:58","slug":"postuler-a-un-emploi-v-avec","status":"publish","type":"page","link":"https:\/\/www.ulb-cooperation.org\/fr\/vous-impliquer\/postuler-a-un-emploi-v-avec\/","title":{"rendered":"Postuler \u00e0 un emploi"},"content":{"rendered":"<p>Envie de faire partie de notre \u00e9quipe pour agir dans la coop\u00e9ration au d\u00e9veloppement ?<\/p>\n","protected":false},"excerpt":{"rendered":"<p>Envie de faire partie de notre \u00e9quipe pour agir dans la coop\u00e9ration au d\u00e9veloppement ?<\/p>\n","protected":false},"author":3,"featured_media":2618,"parent":610,"menu_order":0,"comment_status":"closed","ping_status":"closed","template":"","meta":{"_acf_changed":false,"footnotes":""},"class_list":["post-6060","page","type-page","status-publish","has-post-thumbnail","hentry"],"acf":[],"_links":{"self":[{"href":"https:\/\/www.ulb-cooperation.org\/fr\/wp-json\/wp\/v2\/pages\/6060","targetHints":{"allow":["GET"]}}],"collection":[{"href":"https:\/\/www.ulb-cooperation.org\/fr\/wp-json\/wp\/v2\/pages"}],"about":[{"href":"https:\/\/www.ulb-cooperation.org\/fr\/wp-json\/wp\/v2\/types\/page"}],"author":[{"embeddable":true,"href":"https:\/\/www.ulb-cooperation.org\/fr\/wp-json\/wp\/v2\/users\/3"}],"replies":[{"embeddable":true,"href":"https:\/\/www.ulb-cooperation.org\/fr\/wp-json\/wp\/v2\/comments?post=6060"}],"version-history":[{"count":113,"href":"https:\/\/www.ulb-cooperation.org\/fr\/wp-json\/wp\/v2\/pages\/6060\/revisions"}],"predecessor-version":[{"id":14919,"href":"https:\/\/www.ulb-cooperation.org\/fr\/wp-json\/wp\/v2\/pages\/6060\/revisions\/14919"}],"up":[{"embeddable":true,"href":"https:\/\/www.ulb-cooperation.org\/fr\/wp-json\/wp\/v2\/pages\/610"}],"wp:featuredmedia":[{"embeddable":true,"href":"https:\/\/www.ulb-cooperation.org\/fr\/wp-json\/wp\/v2\/media\/2618"}],"wp:attachment":[{"href":"https:\/\/www.ulb-cooperation.org\/fr\/wp-json\/wp\/v2\/media?parent=6060"}],"curies":[{"name":"wp","href":"https:\/\/api.w.org\/{rel}","templated":true}]}}