{"id":603,"date":"2020-06-18T11:38:02","date_gmt":"2020-06-18T09:38:02","guid":{"rendered":"https:\/\/www.ulb-cooperation.org\/?page_id=603"},"modified":"2022-05-04T12:30:57","modified_gmt":"2022-05-04T10:30:57","slug":"devenir-benevole","status":"publish","type":"page","link":"https:\/\/www.ulb-cooperation.org\/fr\/vous-impliquer\/devenir-benevole\/","title":{"rendered":"Devenir b\u00e9n\u00e9vole"},"content":{"rendered":"<p>Chaque ann\u00e9e, ULB-Coop\u00e9ration accueille au sein de sa structure, des b\u00e9n\u00e9voles qui s\u2019investissent \u00e0 nos c\u00f4t\u00e9s et \u00e0 hauteur de leurs possibilit\u00e9s, afin de renforcer l\u2019impact de nos projets tant au Nord que dans le Sud.<\/p>\n","protected":false},"excerpt":{"rendered":"<p>Chaque ann\u00e9e, ULB-Coop\u00e9ration accueille au sein de sa structure, des b\u00e9n\u00e9voles qui s\u2019investissent \u00e0 nos c\u00f4t\u00e9s et \u00e0 hauteur de [&hellip;]<\/p>\n","protected":false},"author":1,"featured_media":1162,"parent":610,"menu_order":0,"comment_status":"closed","ping_status":"closed","template":"","meta":{"_acf_changed":false,"footnotes":""},"class_list":["post-603","page","type-page","status-publish","has-post-thumbnail","hentry"],"acf":[],"_links":{"self":[{"href":"https:\/\/www.ulb-cooperation.org\/fr\/wp-json\/wp\/v2\/pages\/603","targetHints":{"allow":["GET"]}}],"collection":[{"href":"https:\/\/www.ulb-cooperation.org\/fr\/wp-json\/wp\/v2\/pages"}],"about":[{"href":"https:\/\/www.ulb-cooperation.org\/fr\/wp-json\/wp\/v2\/types\/page"}],"author":[{"embeddable":true,"href":"https:\/\/www.ulb-cooperation.org\/fr\/wp-json\/wp\/v2\/users\/1"}],"replies":[{"embeddable":true,"href":"https:\/\/www.ulb-cooperation.org\/fr\/wp-json\/wp\/v2\/comments?post=603"}],"version-history":[{"count":4,"href":"https:\/\/www.ulb-cooperation.org\/fr\/wp-json\/wp\/v2\/pages\/603\/revisions"}],"predecessor-version":[{"id":782,"href":"https:\/\/www.ulb-cooperation.org\/fr\/wp-json\/wp\/v2\/pages\/603\/revisions\/782"}],"up":[{"embeddable":true,"href":"https:\/\/www.ulb-cooperation.org\/fr\/wp-json\/wp\/v2\/pages\/610"}],"wp:featuredmedia":[{"embeddable":true,"href":"https:\/\/www.ulb-cooperation.org\/fr\/wp-json\/wp\/v2\/media\/1162"}],"wp:attachment":[{"href":"https:\/\/www.ulb-cooperation.org\/fr\/wp-json\/wp\/v2\/media?parent=603"}],"curies":[{"name":"wp","href":"https:\/\/api.w.org\/{rel}","templated":true}]}}