{"id":601,"date":"2020-06-18T11:37:44","date_gmt":"2020-06-18T09:37:44","guid":{"rendered":"https:\/\/www.ulb-cooperation.org\/?page_id=601"},"modified":"2022-04-28T15:03:59","modified_gmt":"2022-04-28T13:03:59","slug":"mecenat-sponsoring","status":"publish","type":"page","link":"https:\/\/www.ulb-cooperation.org\/fr\/vous-impliquer\/mecenat-sponsoring\/","title":{"rendered":"M\u00e9c\u00e9nat &#038; Sponsoring"},"content":{"rendered":"<p>Le m\u00e9c\u00e9nat est un soutien mat\u00e9riel ou intellectuel apport\u00e9 sans contrepartie directe de la part du b\u00e9n\u00e9ficiaire, \u00e0 une personne physique ou morale pour l&rsquo;exercice d&rsquo;activit\u00e9s non lucratives pr\u00e9sentant un int\u00e9r\u00eat g\u00e9n\u00e9ral.<\/p>\n","protected":false},"excerpt":{"rendered":"<p>Le m\u00e9c\u00e9nat est un soutien mat\u00e9riel ou intellectuel apport\u00e9 sans contrepartie directe de la part du b\u00e9n\u00e9ficiaire, \u00e0 une personne [&hellip;]<\/p>\n","protected":false},"author":1,"featured_media":1161,"parent":610,"menu_order":0,"comment_status":"closed","ping_status":"closed","template":"","meta":{"_acf_changed":false,"footnotes":""},"class_list":["post-601","page","type-page","status-publish","has-post-thumbnail","hentry"],"acf":[],"_links":{"self":[{"href":"https:\/\/www.ulb-cooperation.org\/fr\/wp-json\/wp\/v2\/pages\/601","targetHints":{"allow":["GET"]}}],"collection":[{"href":"https:\/\/www.ulb-cooperation.org\/fr\/wp-json\/wp\/v2\/pages"}],"about":[{"href":"https:\/\/www.ulb-cooperation.org\/fr\/wp-json\/wp\/v2\/types\/page"}],"author":[{"embeddable":true,"href":"https:\/\/www.ulb-cooperation.org\/fr\/wp-json\/wp\/v2\/users\/1"}],"replies":[{"embeddable":true,"href":"https:\/\/www.ulb-cooperation.org\/fr\/wp-json\/wp\/v2\/comments?post=601"}],"version-history":[{"count":8,"href":"https:\/\/www.ulb-cooperation.org\/fr\/wp-json\/wp\/v2\/pages\/601\/revisions"}],"predecessor-version":[{"id":1020,"href":"https:\/\/www.ulb-cooperation.org\/fr\/wp-json\/wp\/v2\/pages\/601\/revisions\/1020"}],"up":[{"embeddable":true,"href":"https:\/\/www.ulb-cooperation.org\/fr\/wp-json\/wp\/v2\/pages\/610"}],"wp:featuredmedia":[{"embeddable":true,"href":"https:\/\/www.ulb-cooperation.org\/fr\/wp-json\/wp\/v2\/media\/1161"}],"wp:attachment":[{"href":"https:\/\/www.ulb-cooperation.org\/fr\/wp-json\/wp\/v2\/media?parent=601"}],"curies":[{"name":"wp","href":"https:\/\/api.w.org\/{rel}","templated":true}]}}