{"id":599,"date":"2020-06-18T11:37:18","date_gmt":"2020-06-18T09:37:18","guid":{"rendered":"https:\/\/www.ulb-cooperation.org\/?page_id=599"},"modified":"2024-11-07T10:08:48","modified_gmt":"2024-11-07T09:08:48","slug":"legs-testament","status":"publish","type":"page","link":"https:\/\/www.ulb-cooperation.org\/fr\/vous-impliquer\/legs-testament\/","title":{"rendered":"Legs &#038; Testament"},"content":{"rendered":"<h2>Ajoutez ULB-Coop\u00e9ration \u00e0 votre testament<\/h2>\n<p>Choisir de l\u00e9guer \u00e0 ULB-Coop\u00e9ration, c&rsquo;est choisir de soutenir un monde plus juste, \u00e9mancipateur, solidaire et responsable. Quel que soit le montant de votre legs, il contribuera \u00e0 financer des projets qui am\u00e9liorent les conditions de vie des populations au Burkina Faso, en R\u00e9publique d\u00e9mocratique du Congo et au S\u00e9n\u00e9gal. Chaque legs est pr\u00e9cieux et a le potentiel de <strong>changer des vies<\/strong>.<\/p>\n","protected":false},"excerpt":{"rendered":"<p>Ajoutez ULB-Coop\u00e9ration \u00e0 votre testament Choisir de l\u00e9guer \u00e0 ULB-Coop\u00e9ration, c&rsquo;est choisir de soutenir un monde plus juste, \u00e9mancipateur, solidaire [&hellip;]<\/p>\n","protected":false},"author":1,"featured_media":1160,"parent":610,"menu_order":0,"comment_status":"closed","ping_status":"closed","template":"","meta":{"_acf_changed":false,"footnotes":""},"class_list":["post-599","page","type-page","status-publish","has-post-thumbnail","hentry"],"acf":[],"_links":{"self":[{"href":"https:\/\/www.ulb-cooperation.org\/fr\/wp-json\/wp\/v2\/pages\/599","targetHints":{"allow":["GET"]}}],"collection":[{"href":"https:\/\/www.ulb-cooperation.org\/fr\/wp-json\/wp\/v2\/pages"}],"about":[{"href":"https:\/\/www.ulb-cooperation.org\/fr\/wp-json\/wp\/v2\/types\/page"}],"author":[{"embeddable":true,"href":"https:\/\/www.ulb-cooperation.org\/fr\/wp-json\/wp\/v2\/users\/1"}],"replies":[{"embeddable":true,"href":"https:\/\/www.ulb-cooperation.org\/fr\/wp-json\/wp\/v2\/comments?post=599"}],"version-history":[{"count":20,"href":"https:\/\/www.ulb-cooperation.org\/fr\/wp-json\/wp\/v2\/pages\/599\/revisions"}],"predecessor-version":[{"id":12512,"href":"https:\/\/www.ulb-cooperation.org\/fr\/wp-json\/wp\/v2\/pages\/599\/revisions\/12512"}],"up":[{"embeddable":true,"href":"https:\/\/www.ulb-cooperation.org\/fr\/wp-json\/wp\/v2\/pages\/610"}],"wp:featuredmedia":[{"embeddable":true,"href":"https:\/\/www.ulb-cooperation.org\/fr\/wp-json\/wp\/v2\/media\/1160"}],"wp:attachment":[{"href":"https:\/\/www.ulb-cooperation.org\/fr\/wp-json\/wp\/v2\/media?parent=599"}],"curies":[{"name":"wp","href":"https:\/\/api.w.org\/{rel}","templated":true}]}}