{"id":597,"date":"2020-06-18T11:36:51","date_gmt":"2020-06-18T09:36:51","guid":{"rendered":"https:\/\/www.ulb-cooperation.org\/?page_id=597"},"modified":"2025-02-06T11:19:01","modified_gmt":"2025-02-06T10:19:01","slug":"devenir-stagiaire-v-avec","status":"publish","type":"page","link":"https:\/\/www.ulb-cooperation.org\/fr\/vous-impliquer\/devenir-stagiaire-v-avec\/","title":{"rendered":"Devenir stagiaire"},"content":{"rendered":"<p>Vous souhaitez d\u00e9couvrir le fonctionnement d\u2019une ONG\u00a0?<\/p>\n<p>Travailler au sein d\u2019une \u00e9quipe dynamique tout en contribuant \u00e0 des projets de solidarit\u00e9 internationale\u00a0?<\/p>\n","protected":false},"excerpt":{"rendered":"<p>Vous souhaitez d\u00e9couvrir le fonctionnement d\u2019une ONG\u00a0? Travailler au sein d\u2019une \u00e9quipe dynamique tout en contribuant \u00e0 des projets de [&hellip;]<\/p>\n","protected":false},"author":1,"featured_media":1159,"parent":610,"menu_order":0,"comment_status":"closed","ping_status":"closed","template":"","meta":{"_acf_changed":false,"footnotes":""},"class_list":["post-597","page","type-page","status-publish","has-post-thumbnail","hentry"],"acf":[],"_links":{"self":[{"href":"https:\/\/www.ulb-cooperation.org\/fr\/wp-json\/wp\/v2\/pages\/597","targetHints":{"allow":["GET"]}}],"collection":[{"href":"https:\/\/www.ulb-cooperation.org\/fr\/wp-json\/wp\/v2\/pages"}],"about":[{"href":"https:\/\/www.ulb-cooperation.org\/fr\/wp-json\/wp\/v2\/types\/page"}],"author":[{"embeddable":true,"href":"https:\/\/www.ulb-cooperation.org\/fr\/wp-json\/wp\/v2\/users\/1"}],"replies":[{"embeddable":true,"href":"https:\/\/www.ulb-cooperation.org\/fr\/wp-json\/wp\/v2\/comments?post=597"}],"version-history":[{"count":40,"href":"https:\/\/www.ulb-cooperation.org\/fr\/wp-json\/wp\/v2\/pages\/597\/revisions"}],"predecessor-version":[{"id":13415,"href":"https:\/\/www.ulb-cooperation.org\/fr\/wp-json\/wp\/v2\/pages\/597\/revisions\/13415"}],"up":[{"embeddable":true,"href":"https:\/\/www.ulb-cooperation.org\/fr\/wp-json\/wp\/v2\/pages\/610"}],"wp:featuredmedia":[{"embeddable":true,"href":"https:\/\/www.ulb-cooperation.org\/fr\/wp-json\/wp\/v2\/media\/1159"}],"wp:attachment":[{"href":"https:\/\/www.ulb-cooperation.org\/fr\/wp-json\/wp\/v2\/media?parent=597"}],"curies":[{"name":"wp","href":"https:\/\/api.w.org\/{rel}","templated":true}]}}