{"id":475,"date":"2020-06-12T10:04:46","date_gmt":"2020-06-12T08:04:46","guid":{"rendered":"https:\/\/www.ulb-cooperation.org\/?page_id=475"},"modified":"2022-08-03T11:23:00","modified_gmt":"2022-08-03T09:23:00","slug":"projets","status":"publish","type":"page","link":"https:\/\/www.ulb-cooperation.org\/fr\/projets\/","title":{"rendered":"Nos projets actuels"},"content":{"rendered":"<p>L\u2019action d\u2019ULB-Coop\u00e9ration s\u2019effectue au travers de la conception, de la coordination et de la mise en \u0153uvre de projets, dans 4 pays et sur 4 th\u00e9matiques. Les \u00e9valuations r\u00e9guli\u00e8res de ces projets permettent une am\u00e9lioration continue des interventions.<\/p>\n","protected":false},"excerpt":{"rendered":"<p>L\u2019action d\u2019ULB-Coop\u00e9ration s\u2019effectue au travers de la conception, de la coordination et de la mise en \u0153uvre de projets, dans [&hellip;]<\/p>\n","protected":false},"author":1,"featured_media":0,"parent":0,"menu_order":0,"comment_status":"closed","ping_status":"closed","template":"template-page\/all-projects.php","meta":{"_acf_changed":false,"footnotes":""},"class_list":["post-475","page","type-page","status-publish","hentry"],"acf":[],"_links":{"self":[{"href":"https:\/\/www.ulb-cooperation.org\/fr\/wp-json\/wp\/v2\/pages\/475","targetHints":{"allow":["GET"]}}],"collection":[{"href":"https:\/\/www.ulb-cooperation.org\/fr\/wp-json\/wp\/v2\/pages"}],"about":[{"href":"https:\/\/www.ulb-cooperation.org\/fr\/wp-json\/wp\/v2\/types\/page"}],"author":[{"embeddable":true,"href":"https:\/\/www.ulb-cooperation.org\/fr\/wp-json\/wp\/v2\/users\/1"}],"replies":[{"embeddable":true,"href":"https:\/\/www.ulb-cooperation.org\/fr\/wp-json\/wp\/v2\/comments?post=475"}],"version-history":[{"count":7,"href":"https:\/\/www.ulb-cooperation.org\/fr\/wp-json\/wp\/v2\/pages\/475\/revisions"}],"predecessor-version":[{"id":6987,"href":"https:\/\/www.ulb-cooperation.org\/fr\/wp-json\/wp\/v2\/pages\/475\/revisions\/6987"}],"wp:attachment":[{"href":"https:\/\/www.ulb-cooperation.org\/fr\/wp-json\/wp\/v2\/media?parent=475"}],"curies":[{"name":"wp","href":"https:\/\/api.w.org\/{rel}","templated":true}]}}