{"id":471,"date":"2020-06-12T09:59:51","date_gmt":"2020-06-12T07:59:51","guid":{"rendered":"https:\/\/www.ulb-cooperation.org\/?page_id=471"},"modified":"2021-12-13T18:09:22","modified_gmt":"2021-12-13T17:09:22","slug":"evenements","status":"publish","type":"page","link":"https:\/\/www.ulb-cooperation.org\/fr\/evenements\/","title":{"rendered":"\u00c9v\u00e9nements"},"content":{"rendered":"<p>\u00c0 divers moment de l\u2019ann\u00e9e, ULB-Coop\u00e9ration co-organise divers \u00e9v\u00e9nements, <strong>principalement culturels<\/strong>.<\/p>\n<p>Cin\u00e9ma, th\u00e9\u00e2tre, expositions, musique&#8230; Ces moyens d\u2019expression permettent d\u2019amorcer des d\u00e9bats sur des questions pointues t\u00e9moignant de la complexit\u00e9 des relations Nord-Sud. Les productions culturelles constituent un outil fort pour d\u00e9construire nos regards souvent st\u00e9r\u00e9otyp\u00e9s sur le <strong>continent africain<\/strong>.<\/p>\n<p>&nbsp;<\/p>\n","protected":false},"excerpt":{"rendered":"<p>\u00c0 divers moment de l\u2019ann\u00e9e, ULB-Coop\u00e9ration co-organise divers \u00e9v\u00e9nements, principalement culturels. Cin\u00e9ma, th\u00e9\u00e2tre, expositions, musique&#8230; Ces moyens d\u2019expression permettent d\u2019amorcer [&hellip;]<\/p>\n","protected":false},"author":1,"featured_media":0,"parent":0,"menu_order":0,"comment_status":"closed","ping_status":"closed","template":"template-page\/all-events.php","meta":{"_acf_changed":false,"footnotes":""},"class_list":["post-471","page","type-page","status-publish","hentry"],"acf":[],"_links":{"self":[{"href":"https:\/\/www.ulb-cooperation.org\/fr\/wp-json\/wp\/v2\/pages\/471","targetHints":{"allow":["GET"]}}],"collection":[{"href":"https:\/\/www.ulb-cooperation.org\/fr\/wp-json\/wp\/v2\/pages"}],"about":[{"href":"https:\/\/www.ulb-cooperation.org\/fr\/wp-json\/wp\/v2\/types\/page"}],"author":[{"embeddable":true,"href":"https:\/\/www.ulb-cooperation.org\/fr\/wp-json\/wp\/v2\/users\/1"}],"replies":[{"embeddable":true,"href":"https:\/\/www.ulb-cooperation.org\/fr\/wp-json\/wp\/v2\/comments?post=471"}],"version-history":[{"count":8,"href":"https:\/\/www.ulb-cooperation.org\/fr\/wp-json\/wp\/v2\/pages\/471\/revisions"}],"predecessor-version":[{"id":4995,"href":"https:\/\/www.ulb-cooperation.org\/fr\/wp-json\/wp\/v2\/pages\/471\/revisions\/4995"}],"wp:attachment":[{"href":"https:\/\/www.ulb-cooperation.org\/fr\/wp-json\/wp\/v2\/media?parent=471"}],"curies":[{"name":"wp","href":"https:\/\/api.w.org\/{rel}","templated":true}]}}