{"id":462,"date":"2020-06-12T09:09:29","date_gmt":"2020-06-12T07:09:29","guid":{"rendered":"https:\/\/www.ulb-cooperation.org\/?page_id=462"},"modified":"2020-11-15T12:53:03","modified_gmt":"2020-11-15T11:53:03","slug":"actualites","status":"publish","type":"page","link":"https:\/\/www.ulb-cooperation.org\/fr\/actualites\/","title":{"rendered":"Actualit\u00e9s"},"content":{"rendered":"<p>Nos projets \u00e9voluent chaque jour ! Les actualit\u00e9s ci-dessous vous offrent un bref aper\u00e7u de quelques activit\u00e9s en cours\u2026<\/p>\n","protected":false},"excerpt":{"rendered":"<p>Nos projets \u00e9voluent chaque jour ! Les actualit\u00e9s ci-dessous vous offrent un bref aper\u00e7u de quelques activit\u00e9s en cours\u2026<\/p>\n","protected":false},"author":1,"featured_media":0,"parent":0,"menu_order":0,"comment_status":"closed","ping_status":"closed","template":"template-page\/all-news.php","meta":{"_acf_changed":false,"footnotes":""},"class_list":["post-462","page","type-page","status-publish","hentry"],"acf":[],"_links":{"self":[{"href":"https:\/\/www.ulb-cooperation.org\/fr\/wp-json\/wp\/v2\/pages\/462","targetHints":{"allow":["GET"]}}],"collection":[{"href":"https:\/\/www.ulb-cooperation.org\/fr\/wp-json\/wp\/v2\/pages"}],"about":[{"href":"https:\/\/www.ulb-cooperation.org\/fr\/wp-json\/wp\/v2\/types\/page"}],"author":[{"embeddable":true,"href":"https:\/\/www.ulb-cooperation.org\/fr\/wp-json\/wp\/v2\/users\/1"}],"replies":[{"embeddable":true,"href":"https:\/\/www.ulb-cooperation.org\/fr\/wp-json\/wp\/v2\/comments?post=462"}],"version-history":[{"count":3,"href":"https:\/\/www.ulb-cooperation.org\/fr\/wp-json\/wp\/v2\/pages\/462\/revisions"}],"predecessor-version":[{"id":1182,"href":"https:\/\/www.ulb-cooperation.org\/fr\/wp-json\/wp\/v2\/pages\/462\/revisions\/1182"}],"wp:attachment":[{"href":"https:\/\/www.ulb-cooperation.org\/fr\/wp-json\/wp\/v2\/media?parent=462"}],"curies":[{"name":"wp","href":"https:\/\/api.w.org\/{rel}","templated":true}]}}