{"id":444,"date":"2020-05-29T14:14:32","date_gmt":"2020-05-29T12:14:32","guid":{"rendered":"https:\/\/www.ulb-cooperation.org\/?page_id=444"},"modified":"2026-01-06T12:06:10","modified_gmt":"2026-01-06T11:06:10","slug":"faire-un-don","status":"publish","type":"page","link":"https:\/\/www.ulb-cooperation.org\/fr\/faire-un-don\/","title":{"rendered":"Faire un don"},"content":{"rendered":"<p>Vous voulez concr\u00e9tiser ou perp\u00e9tuer vos\u00a0<a href=\"http:\/\/ulb-cooperation.org\/vision-missions-et-valeurs\">valeurs<\/a>\u00a0et vos id\u00e9aux au travers d\u2019une association\u00a0? Contribuez directement aux actions d\u2019ULB-Coop\u00e9ration.<\/p>\n<p>Votre don, de tout montant, contribue directement \u00e0 am\u00e9liorer nos projets au Burkina Faso, en RDC et au S\u00e9n\u00e9gal.<\/p>\n<p>&nbsp;<\/p>\n","protected":false},"excerpt":{"rendered":"<p>Vous voulez concr\u00e9tiser ou perp\u00e9tuer vos\u00a0valeurs\u00a0et vos id\u00e9aux au travers d\u2019une association\u00a0? Contribuez directement aux actions d\u2019ULB-Coop\u00e9ration. Votre don, de [&hellip;]<\/p>\n","protected":false},"author":1,"featured_media":7628,"parent":0,"menu_order":0,"comment_status":"closed","ping_status":"closed","template":"","meta":{"_acf_changed":false,"footnotes":""},"class_list":["post-444","page","type-page","status-publish","has-post-thumbnail","hentry"],"acf":[],"_links":{"self":[{"href":"https:\/\/www.ulb-cooperation.org\/fr\/wp-json\/wp\/v2\/pages\/444","targetHints":{"allow":["GET"]}}],"collection":[{"href":"https:\/\/www.ulb-cooperation.org\/fr\/wp-json\/wp\/v2\/pages"}],"about":[{"href":"https:\/\/www.ulb-cooperation.org\/fr\/wp-json\/wp\/v2\/types\/page"}],"author":[{"embeddable":true,"href":"https:\/\/www.ulb-cooperation.org\/fr\/wp-json\/wp\/v2\/users\/1"}],"replies":[{"embeddable":true,"href":"https:\/\/www.ulb-cooperation.org\/fr\/wp-json\/wp\/v2\/comments?post=444"}],"version-history":[{"count":44,"href":"https:\/\/www.ulb-cooperation.org\/fr\/wp-json\/wp\/v2\/pages\/444\/revisions"}],"predecessor-version":[{"id":14877,"href":"https:\/\/www.ulb-cooperation.org\/fr\/wp-json\/wp\/v2\/pages\/444\/revisions\/14877"}],"wp:featuredmedia":[{"embeddable":true,"href":"https:\/\/www.ulb-cooperation.org\/fr\/wp-json\/wp\/v2\/media\/7628"}],"wp:attachment":[{"href":"https:\/\/www.ulb-cooperation.org\/fr\/wp-json\/wp\/v2\/media?parent=444"}],"curies":[{"name":"wp","href":"https:\/\/api.w.org\/{rel}","templated":true}]}}