{"id":437,"date":"2020-05-22T13:52:14","date_gmt":"2020-05-22T11:52:14","guid":{"rendered":"https:\/\/www.ulb-cooperation.org\/?page_id=437"},"modified":"2025-07-08T13:26:29","modified_gmt":"2025-07-08T11:26:29","slug":"contact","status":"publish","type":"page","link":"https:\/\/www.ulb-cooperation.org\/fr\/contact\/","title":{"rendered":"Contact"},"content":{"rendered":"<p>Nous sommes \u00e0 votre \u00e9coute !<br \/>\nAvez-vous une question ? Cherchez-vous des informations ?<br \/>\nD\u00e9sirez-vous nous faire part d\u2019une suggestion ou d\u2019une proposition ?<\/p>\n<p>Pour toute demande de stage ou proposition de b\u00e9n\u00e9volat, merci de joindre un CV et une lettre de motivation.<\/p>\n","protected":false},"excerpt":{"rendered":"<p>Nous sommes \u00e0 votre \u00e9coute ! Avez-vous une question ? Cherchez-vous des informations ? D\u00e9sirez-vous nous faire part d\u2019une suggestion [&hellip;]<\/p>\n","protected":false},"author":1,"featured_media":0,"parent":0,"menu_order":0,"comment_status":"closed","ping_status":"closed","template":"template-page\/contact.php","meta":{"_acf_changed":false,"footnotes":""},"class_list":["post-437","page","type-page","status-publish","hentry"],"acf":[],"_links":{"self":[{"href":"https:\/\/www.ulb-cooperation.org\/fr\/wp-json\/wp\/v2\/pages\/437","targetHints":{"allow":["GET"]}}],"collection":[{"href":"https:\/\/www.ulb-cooperation.org\/fr\/wp-json\/wp\/v2\/pages"}],"about":[{"href":"https:\/\/www.ulb-cooperation.org\/fr\/wp-json\/wp\/v2\/types\/page"}],"author":[{"embeddable":true,"href":"https:\/\/www.ulb-cooperation.org\/fr\/wp-json\/wp\/v2\/users\/1"}],"replies":[{"embeddable":true,"href":"https:\/\/www.ulb-cooperation.org\/fr\/wp-json\/wp\/v2\/comments?post=437"}],"version-history":[{"count":48,"href":"https:\/\/www.ulb-cooperation.org\/fr\/wp-json\/wp\/v2\/pages\/437\/revisions"}],"predecessor-version":[{"id":14180,"href":"https:\/\/www.ulb-cooperation.org\/fr\/wp-json\/wp\/v2\/pages\/437\/revisions\/14180"}],"wp:attachment":[{"href":"https:\/\/www.ulb-cooperation.org\/fr\/wp-json\/wp\/v2\/media?parent=437"}],"curies":[{"name":"wp","href":"https:\/\/api.w.org\/{rel}","templated":true}]}}