{"id":3044,"date":"2020-11-15T14:17:28","date_gmt":"2020-11-15T13:17:28","guid":{"rendered":"https:\/\/www.ulb-cooperation.org\/?page_id=3044"},"modified":"2025-01-13T10:32:25","modified_gmt":"2025-01-13T09:32:25","slug":"recevoir-la-newsletter","status":"publish","type":"page","link":"https:\/\/www.ulb-cooperation.org\/fr\/recevoir-la-newsletter\/","title":{"rendered":"Recevoir notre e-newsletter"},"content":{"rendered":"<p style=\"padding-left: 40px;\"><em>(Pour recevoir le format imprim\u00e9, c&rsquo;est plus bas)\u00a0<\/em><\/p>\n<p>Recevez directement dans votre bo\u00eete mail des nouvelles de l&rsquo;ONG et de ses projets !\u00a0Pas de panique, vous vous d\u00e9sinscrivez \u00e0 tout moment tr\u00e8s facilement !<\/p>\n<div id=\"mc_embed_signup\">\n\t<form action=\"https:\/\/ulb-cooperation.us17.list-manage.com\/subscribe\/post?u=88a1c519ac44c9bc92c2ee49f&amp;id=71672d7276\" method=\"post\" id=\"mc-embedded-subscribe-form\" name=\"mc-embedded-subscribe-form\" class=\"validate\" target=\"_blank\" novalidate>\n\t\t<div id=\"mc_embed_signup_scroll\">\n\t\t\t<div class=\"full\">\n\t\t\t\t<div class=\"mc-field-group\">\n\t\t\t\t\t<input placeholder=\"Adresse e-mail *\" type=\"email\" value=\"\" name=\"EMAIL\" class=\"required email\" id=\"mce-EMAIL\">\n\t\t\t\t<\/div>\n\t\t\t<\/div>\n\t\t\t<div class=\"half\">\n\t\t\t\t<div class=\"field-wrapper mc-field-group\">\n\t\t\t\t\t<input placeholder=\"Pr\u00e9nom\" type=\"text\" value=\"\" name=\"FNAME\" class=\"\" id=\"mce-FNAME\">\n\t\t\t\t<\/div>\n\t\t\t\t<div class=\"field-wrapper mc-field-group\">\n\t\t\t\t\t<input placeholder=\"Nom\" type=\"text\" value=\"\" name=\"LNAME\" class=\"\" id=\"mce-LNAME\">\n\t\t\t\t<\/div>\n\t\t\t<\/div>\n\t\t\t<div id=\"mergeRow-gdpr\" class=\"full note mergeRow gdpr-mergeRow content__gdprBlock mc-field-group\">\n\t\t\t\t<div class=\"content__gdpr\">\n\t\t\t\t\t<input type=\"checkbox\" id=\"gdpr_3195\" name=\"gdpr[3195]\" value=\"Y\" class=\"required av-checkbox \">\n\t\t\t\t\t<label class=\"checkbox subfield\" for=\"gdpr_3195\">\n\t\t\t\t\t\tJ'autorise ULB-Coop\u00e9ration \u00e0 utiliser les informations fournies sur ce formulaire pour me transmettre des informations concernant l'ONG.\t\t\t\t\t<\/label>\n\t\t\t\t\t<p>\t\t\t\n\t\t\t\t\t\tVous pouvez changer d'avis \u00e0 tout moment en cliquant sur le lien \"Se d\u00e9sinscrire\" situ\u00e9 en pied de page de toute e-news que vous recevez de notre part, ou en nous contactant \u00e0 <a href='mailto:info@ulb-cooperation.org'>info@ulb-cooperation.org<\/a>.\t\t\t\t\t<\/p>\n\t\t\t\t\t<p class=\"indicates-required\"><span class=\"asterisk\">*<\/span>Champs requis<\/p>\n\t\t\t\t<\/div>\n\n\t\t\t<\/div>\n\t\t\t<!-- real people should not fill this in and expect good things - do not remove this or risk form bot signups-->\n\t\t\t<div style=\"position: absolute; left: -5000px;\" aria-hidden=\"true\">\n\t\t\t\t<input type=\"text\" name=\"b_88a1c519ac44c9bc92c2ee49f_71672d7276\" tabindex=\"-1\" value=\"\">\n\t\t\t<\/div>\n\t\t\t<div class=\"clear full action\">\n\t\t\t\t<div class=\"submit-wrapper\">\n\t\t\t\t\t<input type=\"submit\" value=\"S'inscrire\" name=\"subscribe\" id=\"mc-embedded-subscribe\" class=\"button\">\n\t\t\t\t<\/div>\n\t\t\t<\/div>\n\t\t<\/div>\n\n\t\t<div id=\"mce-responses\" class=\"clear\">\n\t\t\t<div class=\"response\" id=\"mce-error-response\" style=\"display:none\"><\/div>\n\t\t\t<div class=\"response\" id=\"mce-success-response\" style=\"display:none\"><\/div>\n\t\t<\/div>\n\t<\/form>\n<\/div>\n<script type='text\/javascript' src='\/\/s3.amazonaws.com\/downloads.mailchimp.com\/js\/mc-validate.js'><\/script>\n<script type='text\/javascript'>\n\t(function($) {\n\t\twindow.fnames = new Array();\n\t\twindow.ftypes = new Array();\n\t\tfnames[0] = 'EMAIL';\n\t\tftypes[0] = 'email';\n\t\tfnames[1] = 'FNAME';\n\t\tftypes[1] = 'text';\n\t\tfnames[2] = 'LNAME';\n\t\tftypes[2] = 'text';\n\n\t\t$.extend($.validator.messages, {\n\t\t\trequired: \"This field is required.\",\n\t\t\tremote: \"Please fix this field.\",\n\t\t\temail: \"Please enter a valid email address.\",\n\t\t\turl: \"Please enter a valid URL.\",\n\t\t\tdate: \"Please enter a valid date.\",\n\t\t\tdateISO: \"Please enter a valid date (ISO).\",\n\t\t\tnumber: \"Please enter a valid number.\",\n\t\t\tdigits: \"Please enter only digits.\",\n\t\t\tcreditcard: \"Please enter a valid credit card number.\",\n\t\t\tequalTo: \"Please enter the same value again.\",\n\t\t\taccept: \"Please enter a value with a valid extension.\",\n\t\t\tmaxlength: jQuery.validator.format(\"Please enter no more than {0} characters.\"),\n\t\t\tminlength: jQuery.validator.format(\"Please enter at least {0} characters.\"),\n\t\t\trangelength: jQuery.validator.format(\"Please enter a value between {0} and {1} characters long.\"),\n\t\t\trange: jQuery.validator.format(\"Please enter a value between {0} and {1}.\"),\n\t\t\tmax: jQuery.validator.format(\"Please enter a value less than or equal to {0}.\"),\n\t\t\tmin: jQuery.validator.format(\"Please enter a value greater than or equal to {0}.\")\n\t\t});\n\t}(jQuery));\n\tvar $mcj = jQuery.noConflict(true);\n\n<\/script>\n\n","protected":false},"excerpt":{"rendered":"<p>(Pour recevoir le format imprim\u00e9, c&rsquo;est plus bas)\u00a0 Recevez directement dans votre bo\u00eete mail des nouvelles de l&rsquo;ONG et de [&hellip;]<\/p>\n","protected":false},"author":2,"featured_media":0,"parent":0,"menu_order":0,"comment_status":"closed","ping_status":"closed","template":"","meta":{"_acf_changed":false,"footnotes":""},"class_list":["post-3044","page","type-page","status-publish","hentry"],"acf":[],"_links":{"self":[{"href":"https:\/\/www.ulb-cooperation.org\/fr\/wp-json\/wp\/v2\/pages\/3044","targetHints":{"allow":["GET"]}}],"collection":[{"href":"https:\/\/www.ulb-cooperation.org\/fr\/wp-json\/wp\/v2\/pages"}],"about":[{"href":"https:\/\/www.ulb-cooperation.org\/fr\/wp-json\/wp\/v2\/types\/page"}],"author":[{"embeddable":true,"href":"https:\/\/www.ulb-cooperation.org\/fr\/wp-json\/wp\/v2\/users\/2"}],"replies":[{"embeddable":true,"href":"https:\/\/www.ulb-cooperation.org\/fr\/wp-json\/wp\/v2\/comments?post=3044"}],"version-history":[{"count":9,"href":"https:\/\/www.ulb-cooperation.org\/fr\/wp-json\/wp\/v2\/pages\/3044\/revisions"}],"predecessor-version":[{"id":13235,"href":"https:\/\/www.ulb-cooperation.org\/fr\/wp-json\/wp\/v2\/pages\/3044\/revisions\/13235"}],"wp:attachment":[{"href":"https:\/\/www.ulb-cooperation.org\/fr\/wp-json\/wp\/v2\/media?parent=3044"}],"curies":[{"name":"wp","href":"https:\/\/api.w.org\/{rel}","templated":true}]}}