{"id":14,"date":"2020-04-01T10:19:31","date_gmt":"2020-04-01T08:19:31","guid":{"rendered":"https:\/\/www.ulb-cooperation.org\/?page_id=14"},"modified":"2025-09-30T16:48:09","modified_gmt":"2025-09-30T14:48:09","slug":"recydata","status":"publish","type":"page","link":"https:\/\/www.ulb-cooperation.org\/fr\/","title":{"rendered":"ULB-Coop\u00e9ration"},"content":{"rendered":"<h2>ULB-Coop\u00e9ration en quelques mots<\/h2>\n<p>ULB-Coop\u00e9ration est l\u2019ONG de l\u2019<a href=\"https:\/\/www.ulb.be\/\" target=\"_blank\" rel=\"noopener noreferrer\">Universit\u00e9 libre de Bruxelles<\/a>. Ses actions se localisent au <strong>Burkina Faso<\/strong>, en <strong>R\u00e9publique d\u00e9mocratique du Congo<\/strong>, au <strong>S\u00e9n\u00e9gal<\/strong> et en <strong>Belgique<\/strong>. Elle est active dans quatre th\u00e9matiques : la sant\u00e9 &amp; les syst\u00e8mes de sant\u00e9, les territoires &amp; les ressources, la gestion &amp; l\u2019entrepreneuriat, et l\u2019\u00e9ducation &amp; la citoyennet\u00e9 critique. \u00c0 travers chacun de ces axes, l\u2019objectif est d\u2019am\u00e9liorer les conditions de vie des populations, au niveau social, environnemental et financier.<a href=\"https:\/\/www.ulb-cooperation.org\/fr\/vision-missions-et-valeurs\/\">\u00e0 propos<\/a><\/p>\n","protected":false},"excerpt":{"rendered":"<p>ULB-Coop\u00e9ration en quelques mots ULB-Coop\u00e9ration est l\u2019ONG de l\u2019Universit\u00e9 libre de Bruxelles. Ses actions se localisent au Burkina Faso, en [&hellip;]<\/p>\n","protected":false},"author":1,"featured_media":678,"parent":0,"menu_order":0,"comment_status":"closed","ping_status":"closed","template":"template-page\/homepage.php","meta":{"_acf_changed":false,"footnotes":""},"class_list":["post-14","page","type-page","status-publish","has-post-thumbnail","hentry"],"acf":[],"_links":{"self":[{"href":"https:\/\/www.ulb-cooperation.org\/fr\/wp-json\/wp\/v2\/pages\/14","targetHints":{"allow":["GET"]}}],"collection":[{"href":"https:\/\/www.ulb-cooperation.org\/fr\/wp-json\/wp\/v2\/pages"}],"about":[{"href":"https:\/\/www.ulb-cooperation.org\/fr\/wp-json\/wp\/v2\/types\/page"}],"author":[{"embeddable":true,"href":"https:\/\/www.ulb-cooperation.org\/fr\/wp-json\/wp\/v2\/users\/1"}],"replies":[{"embeddable":true,"href":"https:\/\/www.ulb-cooperation.org\/fr\/wp-json\/wp\/v2\/comments?post=14"}],"version-history":[{"count":69,"href":"https:\/\/www.ulb-cooperation.org\/fr\/wp-json\/wp\/v2\/pages\/14\/revisions"}],"predecessor-version":[{"id":14569,"href":"https:\/\/www.ulb-cooperation.org\/fr\/wp-json\/wp\/v2\/pages\/14\/revisions\/14569"}],"wp:featuredmedia":[{"embeddable":true,"href":"https:\/\/www.ulb-cooperation.org\/fr\/wp-json\/wp\/v2\/media\/678"}],"wp:attachment":[{"href":"https:\/\/www.ulb-cooperation.org\/fr\/wp-json\/wp\/v2\/media?parent=14"}],"curies":[{"name":"wp","href":"https:\/\/api.w.org\/{rel}","templated":true}]}}