{"id":6290,"date":"2022-04-28T15:01:40","date_gmt":"2022-04-28T13:01:40","guid":{"rendered":"https:\/\/www.ulb-cooperation.org\/?page_id=6290"},"modified":"2022-04-28T15:01:40","modified_gmt":"2022-04-28T13:01:40","slug":"newsletter","status":"publish","type":"page","link":"https:\/\/www.ulb-cooperation.org\/en\/newsletter\/","title":{"rendered":"Newsletter"},"content":{"rendered":"<p>Vous d\u00e9sirez vous inscrire \u00e0 notre newsletter \u00e9lectronique (max. 1 envoi mensuel) ?<\/p>\n","protected":false},"excerpt":{"rendered":"<p>Vous d\u00e9sirez vous inscrire \u00e0 notre newsletter \u00e9lectronique (max. 1 envoi mensuel) ?<\/p>\n","protected":false},"author":1,"featured_media":0,"parent":0,"menu_order":0,"comment_status":"closed","ping_status":"closed","template":"","meta":{"_acf_changed":false,"footnotes":""},"class_list":["post-6290","page","type-page","status-publish","hentry"],"acf":[],"_links":{"self":[{"href":"https:\/\/www.ulb-cooperation.org\/en\/wp-json\/wp\/v2\/pages\/6290","targetHints":{"allow":["GET"]}}],"collection":[{"href":"https:\/\/www.ulb-cooperation.org\/en\/wp-json\/wp\/v2\/pages"}],"about":[{"href":"https:\/\/www.ulb-cooperation.org\/en\/wp-json\/wp\/v2\/types\/page"}],"author":[{"embeddable":true,"href":"https:\/\/www.ulb-cooperation.org\/en\/wp-json\/wp\/v2\/users\/1"}],"replies":[{"embeddable":true,"href":"https:\/\/www.ulb-cooperation.org\/en\/wp-json\/wp\/v2\/comments?post=6290"}],"version-history":[{"count":1,"href":"https:\/\/www.ulb-cooperation.org\/en\/wp-json\/wp\/v2\/pages\/6290\/revisions"}],"predecessor-version":[{"id":6291,"href":"https:\/\/www.ulb-cooperation.org\/en\/wp-json\/wp\/v2\/pages\/6290\/revisions\/6291"}],"wp:attachment":[{"href":"https:\/\/www.ulb-cooperation.org\/en\/wp-json\/wp\/v2\/media?parent=6290"}],"curies":[{"name":"wp","href":"https:\/\/api.w.org\/{rel}","templated":true}]}}